{"id":850,"date":"2023-03-02T09:31:39","date_gmt":"2023-03-02T09:31:39","guid":{"rendered":"https:\/\/ayurveda-naturheilpraxis.ch\/?page_id=850"},"modified":"2023-08-20T14:51:31","modified_gmt":"2023-08-20T14:51:31","slug":"impressum","status":"publish","type":"page","link":"https:\/\/ayurveda-naturheilpraxis.ch\/index.php\/impressum\/","title":{"rendered":"Impressum"},"content":{"rendered":"<section class=\"wpb-content-wrapper\"><p>[vc_row css_animation=&#8220;&#8220; row_type=&#8220;row&#8220; use_row_as_full_screen_section=&#8220;no&#8220; type=&#8220;full_width&#8220; angled_section=&#8220;no&#8220; text_align=&#8220;left&#8220; background_image_as_pattern=&#8220;without_pattern&#8220; z_index=&#8220;&#8220; css=&#8220;.vc_custom_1679504204419{padding-right: 15% !important;background-color: #f7ddd4 !important;}&#8220; side_padding=&#8220;15&#8243;][vc_column css=&#8220;.vc_custom_1679504240626{padding-top: 75px !important;padding-bottom: 75px !important;}&#8220;][vc_column_text]<\/p>\n<h1 class=\"font_8\">Kontakt-Adresse<\/h1>\n<h4 class=\"font_8\">Ayurveda Naturheilpraxis<\/h4>\n<p>[\/vc_column_text][vc_separator type=&#8220;transparent&#8220; up=&#8220;10&#8243; down=&#8220;10&#8243; thickness=&#8220;0&#8243;][vc_column_text]<\/p>\n<div id=\"comp-ka2id35j\" class=\"BaOVQ8 tz5f0K comp-ka2id35j wixui-text\" data-testid=\"richTextElement\">\n<div class=\"page\" title=\"Page 2\">\n<div class=\"section\">\n<div class=\"layoutArea\">\n<div class=\"column\">\n<p class=\"font_8\">ANNA HA\u0308FELI-WOLF<br \/>\nParadiesstrasse 50, 4125 Riehen<\/p>\n<\/div>\n<\/div>\n<\/div>\n<\/div>\n<p class=\"font_8\">E-Mail: <a href=\"mailto:info@ayurveda-naturheilpraxis.ch\"><span style=\"color: #89455c;\">info@ayurveda-naturheilpraxis.ch<\/span><\/a><\/p>\n<p>&nbsp;<\/p>\n<h4 class=\"font_8\">Vertretungsberechtigte Person(en)<\/h4>\n<p class=\"font_8\">ANNA HA\u0308FELI-WOLF<\/p>\n<p>&nbsp;<\/p>\n<\/div>\n<h4 class=\"font_8\">Webdesign und Programmierung<\/h4>\n<p class=\"font_8\">Marius Soluna, Gestaltform <a href=\"https:\/\/gestaltform.ch\/\"><span style=\"color: #89455c;\">gestaltform.ch<\/span><\/a><\/p>\n<div id=\"comp-ka2id35j\" class=\"BaOVQ8 tz5f0K comp-ka2id35j wixui-text\" data-testid=\"richTextElement\">\n<p>&nbsp;<\/p>\n<h4 class=\"font_8\">Haftungsausschluss<\/h4>\n<p class=\"font_8\">Der Autor \u00fcbernimmt keinerlei Gew\u00e4hr hinsichtlich der inhaltlichen Richtigkeit, Genauigkeit, Aktualit\u00e4t, Zuverl\u00e4ssigkeit und Vollst\u00e4ndigkeit der Informationen.<\/p>\n<p class=\"font_8\">Haftungsanspr\u00fcche gegen den Autor wegen Sch\u00e4den materieller oder immaterieller Art, welche aus dem Zugriff oder der Nutzung bzw. Nichtnutzung der ver\u00f6ffentlichten Informationen, durch Missbrauch der Verbindung oder durch technische St\u00f6rungen entstanden sind, werden ausgeschlossen.<\/p>\n<p class=\"font_8\">Alle Angebote sind unverbindlich. Der Autor beh\u00e4lt es sich ausdr\u00fccklich vor, Teile der Seiten oder das gesamte Angebot ohne besondere Ank\u00fcndigung zu ver\u00e4ndern, zu erg\u00e4nzen, zu l\u00f6schen oder die Ver\u00f6ffentlichung zeitweise oder endg\u00fcltig einzustellen.<\/p>\n<p>&nbsp;<\/p>\n<h4 class=\"font_8\">Haftungsausschluss f\u00fcr Links<\/h4>\n<p class=\"font_8\">Verweise und Links auf Webseiten Dritter liegen ausserhalb unseres Verantwortungsbereichs. Es wird jegliche Verantwortung f\u00fcr solche Webseiten abgelehnt. Der Zugriff und die Nutzung solcher Webseiten erfolgen auf eigene Gefahr des jeweiligen Nutzers.<\/p>\n<p>&nbsp;<\/p>\n<h4 class=\"font_8\">Urheberrechte<\/h4>\n<p class=\"font_8\">Die Urheber- und alle anderen Rechte an Inhalten, Bildern, Fotos oder anderen Dateien auf dieser Website, geh\u00f6ren ausschliesslich\u00a0Anna Wolf\u00a0oder den speziell genannten Rechteinhabern. F\u00fcr die Reproduktion jeglicher Elemente ist die schriftliche Zustimmung des Urheberrechtstr\u00e4gers im Voraus einzuholen.<\/p>\n<h5 class=\"font_8\" style=\"text-align: left;\">\u00a0Quelle: SwissAnwalt<\/h5>\n<\/div>\n<p>[\/vc_column_text][\/vc_column][\/vc_row]<\/p>\n<\/section>","protected":false},"excerpt":{"rendered":"<p>[vc_row css_animation=&#8220;&#8220; row_type=&#8220;row&#8220; use_row_as_full_screen_section=&#8220;no&#8220; type=&#8220;full_width&#8220; angled_section=&#8220;no&#8220; text_align=&#8220;left&#8220; background_image_as_pattern=&#8220;without_pattern&#8220; z_index=&#8220;&#8220; css=&#8220;.vc_custom_1679504204419{padding-right: 15% !important;background-color: #f7ddd4 !important;}&#8220; side_padding=&#8220;15&#8243;][vc_column css=&#8220;.vc_custom_1679504240626{padding-top: 75px !important;padding-bottom: 75px !important;}&#8220;][vc_column_text] Kontakt-Adresse Ayurveda Naturheilpraxis [\/vc_column_text][vc_separator type=&#8220;transparent&#8220; up=&#8220;10&#8243; down=&#8220;10&#8243; thickness=&#8220;0&#8243;][vc_column_text] ANNA HA\u0308FELI-WOLF Paradiesstrasse 50, 4125 Riehen E-Mail: info@ayurveda-naturheilpraxis.ch &nbsp; Vertretungsberechtigte Person(en) ANNA HA\u0308FELI-WOLF &nbsp; Webdesign und Programmierung&#8230;<\/p>\n","protected":false},"author":1,"featured_media":0,"parent":0,"menu_order":0,"comment_status":"closed","ping_status":"closed","template":"full_width.php","meta":{"footnotes":""},"class_list":["post-850","page","type-page","status-publish","hentry"],"_links":{"self":[{"href":"https:\/\/ayurveda-naturheilpraxis.ch\/index.php\/wp-json\/wp\/v2\/pages\/850","targetHints":{"allow":["GET"]}}],"collection":[{"href":"https:\/\/ayurveda-naturheilpraxis.ch\/index.php\/wp-json\/wp\/v2\/pages"}],"about":[{"href":"https:\/\/ayurveda-naturheilpraxis.ch\/index.php\/wp-json\/wp\/v2\/types\/page"}],"author":[{"embeddable":true,"href":"https:\/\/ayurveda-naturheilpraxis.ch\/index.php\/wp-json\/wp\/v2\/users\/1"}],"replies":[{"embeddable":true,"href":"https:\/\/ayurveda-naturheilpraxis.ch\/index.php\/wp-json\/wp\/v2\/comments?post=850"}],"version-history":[{"count":21,"href":"https:\/\/ayurveda-naturheilpraxis.ch\/index.php\/wp-json\/wp\/v2\/pages\/850\/revisions"}],"predecessor-version":[{"id":999,"href":"https:\/\/ayurveda-naturheilpraxis.ch\/index.php\/wp-json\/wp\/v2\/pages\/850\/revisions\/999"}],"wp:attachment":[{"href":"https:\/\/ayurveda-naturheilpraxis.ch\/index.php\/wp-json\/wp\/v2\/media?parent=850"}],"curies":[{"name":"wp","href":"https:\/\/api.w.org\/{rel}","templated":true}]}}