{"id":778,"date":"2023-02-23T12:28:24","date_gmt":"2023-02-23T12:28:24","guid":{"rendered":"https:\/\/ayurveda-naturheilpraxis.ch\/?page_id=778"},"modified":"2023-05-03T15:40:27","modified_gmt":"2023-05-03T15:40:27","slug":"doshas","status":"publish","type":"page","link":"https:\/\/ayurveda-naturheilpraxis.ch\/index.php\/doshas\/","title":{"rendered":"Doshas"},"content":{"rendered":"<section class=\"wpb-content-wrapper\"><p>[vc_row css_animation=&#8220;&#8220; row_type=&#8220;row&#8220; use_row_as_full_screen_section=&#8220;no&#8220; type=&#8220;full_width&#8220; angled_section=&#8220;no&#8220; text_align=&#8220;center&#8220; background_image_as_pattern=&#8220;without_pattern&#8220; z_index=&#8220;&#8220; css=&#8220;.vc_custom_1679131552979{padding-right: 15% !important;background-color: #f7ddd4 !important;}&#8220; side_padding=&#8220;15&#8243;][vc_column css=&#8220;.vc_custom_1679133801412{padding-top: 75px !important;padding-bottom: 75px !important;}&#8220; el_class=&#8220;mobile_padding&#8220;][vc_column_text]<\/p>\n<h4 style=\"text-align: left;\">&#8222;Das Ziel des Lebens ist, im Gleichgewicht zu sein.&#8220;<\/h4>\n<p>&nbsp;<\/p>\n<h1><\/h1>\n<h1 style=\"text-align: left;\">Doshas<\/h1>\n<p>[\/vc_column_text][vc_separator type=&#8220;transparent&#8220; up=&#8220;10&#8243; down=&#8220;10&#8243; thickness=&#8220;0&#8243;][vc_column_text]<\/p>\n<p style=\"text-align: left;\">Jeder Mensch ist einzigartig und verf\u00fcgt \u00fcber ein unvergleichliches Profil. Dieses bezieht sich auf die physische und psychische Ebene und pr\u00e4gt den K\u00f6rperbau, die Charakteristik und die Krankheitsanf\u00e4lligkeit. Die individuelle Konstitution wird durch die Manifestation der drei Doshas beschrieben. Diese werden aus den f\u00fcnf Elementen gebildet und heissen Vata, Pitta und Kapha und stellen biologische Kr\u00e4fte dar, welche unseren Organismus auf der strukturellen und funktionellen Ebene steuern.<\/p>\n<p>&nbsp;<\/p>\n<p style=\"text-align: left;\">Unsere Konstitution setzt sich aus einer einzigartigen Mischung von Vata, Pitta und Kapha zusammen. Gesund sein bedeutet, im inneren Gleichgewicht mit der eigenen Konstitution zu sein. Krankheiten k\u00f6nnen durch das Ungleichgewicht der k\u00f6rperlichen und geistigen Kr\u00e4fte entstehen. Je nachdem, wie unsere Konstitution ausgepr\u00e4gt ist, bevorzugen wir unterschiedliche Lebensweisen, klimatische Verh\u00e4ltnisse oder mentale Herausforderungen.<\/p>\n<p>&nbsp;<\/p>\n<p style=\"text-align: left;\">Die Konstitutionsbestimmung z\u00e4hlt zu den wichtigsten Kernpunkten der ayurvedischen Heil- und Lebenskunde.<br \/>\nKennen wir unsere eigene Konstitution, k\u00f6nnen wir unsere Lebensweise individuell anpassen und so unsere Gesundheit erhalten oder wieder herstellen.<\/p>\n<p>[\/vc_column_text][\/vc_column][\/vc_row]<\/p>\n<\/section>","protected":false},"excerpt":{"rendered":"<p>[vc_row css_animation=&#8220;&#8220; row_type=&#8220;row&#8220; use_row_as_full_screen_section=&#8220;no&#8220; type=&#8220;full_width&#8220; angled_section=&#8220;no&#8220; text_align=&#8220;center&#8220; background_image_as_pattern=&#8220;without_pattern&#8220; z_index=&#8220;&#8220; css=&#8220;.vc_custom_1679131552979{padding-right: 15% !important;background-color: #f7ddd4 !important;}&#8220; side_padding=&#8220;15&#8243;][vc_column css=&#8220;.vc_custom_1679133801412{padding-top: 75px !important;padding-bottom: 75px !important;}&#8220; el_class=&#8220;mobile_padding&#8220;][vc_column_text] &#8222;Das Ziel des Lebens ist, im Gleichgewicht zu sein.&#8220; &nbsp; Doshas [\/vc_column_text][vc_separator type=&#8220;transparent&#8220; up=&#8220;10&#8243; down=&#8220;10&#8243; thickness=&#8220;0&#8243;][vc_column_text] Jeder Mensch ist einzigartig und verf\u00fcgt \u00fcber ein&#8230;<\/p>\n","protected":false},"author":1,"featured_media":0,"parent":0,"menu_order":0,"comment_status":"closed","ping_status":"closed","template":"full_width.php","meta":{"footnotes":""},"class_list":["post-778","page","type-page","status-publish","hentry"],"_links":{"self":[{"href":"https:\/\/ayurveda-naturheilpraxis.ch\/index.php\/wp-json\/wp\/v2\/pages\/778","targetHints":{"allow":["GET"]}}],"collection":[{"href":"https:\/\/ayurveda-naturheilpraxis.ch\/index.php\/wp-json\/wp\/v2\/pages"}],"about":[{"href":"https:\/\/ayurveda-naturheilpraxis.ch\/index.php\/wp-json\/wp\/v2\/types\/page"}],"author":[{"embeddable":true,"href":"https:\/\/ayurveda-naturheilpraxis.ch\/index.php\/wp-json\/wp\/v2\/users\/1"}],"replies":[{"embeddable":true,"href":"https:\/\/ayurveda-naturheilpraxis.ch\/index.php\/wp-json\/wp\/v2\/comments?post=778"}],"version-history":[{"count":24,"href":"https:\/\/ayurveda-naturheilpraxis.ch\/index.php\/wp-json\/wp\/v2\/pages\/778\/revisions"}],"predecessor-version":[{"id":991,"href":"https:\/\/ayurveda-naturheilpraxis.ch\/index.php\/wp-json\/wp\/v2\/pages\/778\/revisions\/991"}],"wp:attachment":[{"href":"https:\/\/ayurveda-naturheilpraxis.ch\/index.php\/wp-json\/wp\/v2\/media?parent=778"}],"curies":[{"name":"wp","href":"https:\/\/api.w.org\/{rel}","templated":true}]}}