{"id":743,"date":"2023-02-23T09:17:44","date_gmt":"2023-02-23T09:17:44","guid":{"rendered":"https:\/\/ayurveda-naturheilpraxis.ch\/?page_id=743"},"modified":"2023-05-03T15:21:42","modified_gmt":"2023-05-03T15:21:42","slug":"massagen","status":"publish","type":"page","link":"https:\/\/ayurveda-naturheilpraxis.ch\/index.php\/massagen\/","title":{"rendered":"Massagen"},"content":{"rendered":"<section class=\"wpb-content-wrapper\"><p>[vc_row css_animation=&#8220;&#8220; row_type=&#8220;row&#8220; use_row_as_full_screen_section=&#8220;no&#8220; type=&#8220;full_width&#8220; angled_section=&#8220;no&#8220; text_align=&#8220;left&#8220; background_image_as_pattern=&#8220;without_pattern&#8220; z_index=&#8220;&#8220; css=&#8220;.vc_custom_1679131880112{padding-right: 15% !important;background-color: #f7ddd4 !important;}&#8220; side_padding=&#8220;15&#8243;][vc_column css=&#8220;.vc_custom_1679131886618{padding-top: 100px !important;padding-bottom: 50px !important;}&#8220;][vc_column_text]<\/p>\n<h1 style=\"text-align: left;\">Padabhyanga<\/h1>\n<h4 style=\"text-align: left;\">Ayurvedische Fussmassage<\/h4>\n<p>[\/vc_column_text][vc_separator type=&#8220;transparent&#8220; up=&#8220;10&#8243; down=&#8220;10&#8243; thickness=&#8220;0&#8243;][vc_column_text]<\/p>\n<p style=\"text-align: left;\">Bei der Padabhyanga werden wichtige Marmas (Energiepunkte) stimuliert und somit reflektorisch der gesamte Organismus gest\u00e4rkt und der Energiefluss angeregt. Die Durchblutung wird verbessert und das Lymphsystem aktiviert.<br \/>\nSanfte Streichungen an den F\u00fc\u00dfen, Unterschenkeln und Knien haben eine tief beruhigende Wirkung, die Gedanken kommen zur Ruhe, Nervosit\u00e4t, Ersch\u00f6pfungszust\u00e4nde, Schlafst\u00f6rungen und Kopfschmerzen k\u00f6nnen gelindert werden.<br \/>\nDie F\u00fc\u00dfe werden geschmeidig und weich, werden gepflegt und gewinnen an Kraft und Stabilit\u00e4t.<br \/>\nEine Padabhyanga wirkt ausgleichend und beruhigend f\u00fcr K\u00f6rper und Geist.<br \/>\n\u2014<\/p>\n<h5 style=\"text-align: left;\"><span style=\"color: #ba755a;\">30 Min Behandlung \/ 50 CHF<\/span><\/h5>\n<p>[\/vc_column_text][vc_separator type=&#8220;transparent&#8220; up=&#8220;20&#8243; down=&#8220;20&#8243; thickness=&#8220;0&#8243;]<a  itemprop=\"url\" href=\"https:\/\/ayurveda-naturheilpraxis.ch\/index.php\/kontakt\/\" target=\"_self\"  class=\"qbutton  medium center default\" style=\"border-radius: 0px;-moz-border-radius: 0px;-webkit-border-radius: 0px; \">TERMIN BUCHEN<\/a>[\/vc_column][\/vc_row][vc_row css_animation=&#8220;&#8220; row_type=&#8220;row&#8220; use_row_as_full_screen_section=&#8220;no&#8220; type=&#8220;full_width&#8220; angled_section=&#8220;no&#8220; text_align=&#8220;left&#8220; background_image_as_pattern=&#8220;without_pattern&#8220; z_index=&#8220;&#8220; css=&#8220;.vc_custom_1679132051253{padding-top: 50px !important;padding-right: 15% !important;background-color: #f7ddd4 !important;}&#8220; side_padding=&#8220;15&#8243;][vc_column css=&#8220;.vc_custom_1679131915550{padding-bottom: 50px !important;}&#8220;][vc_column_text]<\/p>\n<h1 style=\"text-align: left;\">Mukabhyanga<\/h1>\n<h4 style=\"text-align: left;\">Ayurvedische Gesichtsmassage<\/h4>\n<p>[\/vc_column_text][vc_separator type=&#8220;transparent&#8220; up=&#8220;10&#8243; down=&#8220;10&#8243; thickness=&#8220;0&#8243;][vc_column_text]<\/p>\n<p style=\"text-align: left;\">In der Mukabhyanga werden Gesicht, Kopfhaut, Nacken, Schultern und Dekolletee sanft massiert und mit den hochwertigstenen \u00d6len stimuliert. Die sanften Ber\u00fchrungen im Gesicht haben eine sehr beruhigende, entspannende und harmonisierende Wirkung. Die Sinnesorgane werden belebt, das Nervensystem gest\u00e4rkt und die Konzentration verbessert. Durch das auf den jeweiligen Typ abgestimmte \u00d6l wird die Gesichtshaut intensiv gepflegt, die Wirkstoffe dringen tief in die Haut ein und machen sie geschmeidig und sanft. Das Entspannen der Gesichtsmuskulatur wirkt der Faltenbildung entgegen und kann Symptome wie Z\u00e4hneknirschen in der Nacht lindern.<br \/>\n\u2014<\/p>\n<h5 style=\"text-align: left;\">30 Min Behandlung \/ 50 CHF<\/h5>\n<p>[\/vc_column_text][vc_separator type=&#8220;transparent&#8220; up=&#8220;20&#8243; down=&#8220;20&#8243; thickness=&#8220;0&#8243;]<a  itemprop=\"url\" href=\"https:\/\/ayurveda-naturheilpraxis.ch\/index.php\/kontakt\/\" target=\"_self\"  class=\"qbutton  medium center default\" style=\"border-radius: 0px;-moz-border-radius: 0px;-webkit-border-radius: 0px; \">TERMIN BUCHEN<\/a>[\/vc_column][\/vc_row][vc_row css_animation=&#8220;&#8220; row_type=&#8220;row&#8220; use_row_as_full_screen_section=&#8220;no&#8220; type=&#8220;full_width&#8220; angled_section=&#8220;no&#8220; text_align=&#8220;left&#8220; background_image_as_pattern=&#8220;without_pattern&#8220; z_index=&#8220;&#8220; css=&#8220;.vc_custom_1679132082802{padding-top: 50px !important;padding-right: 15% !important;background-color: #f7ddd4 !important;}&#8220; side_padding=&#8220;15&#8243;][vc_column css=&#8220;.vc_custom_1679131928068{padding-bottom: 50px !important;}&#8220;][vc_column_text]<\/p>\n<h1 style=\"text-align: left;\">Abhyanga<\/h1>\n<h4 style=\"text-align: left;\">ganzk\u00f6rper \u00d6lmassage<\/h4>\n<p>[\/vc_column_text][vc_separator type=&#8220;transparent&#8220; up=&#8220;10&#8243; down=&#8220;10&#8243; thickness=&#8220;0&#8243;][vc_column_text]<\/p>\n<p style=\"text-align: left;\">Abhyanga ist eine Ganzk\u00f6rper-Massage, die mit warmen \u00d6l ausgef\u00fchrt wird. Sie wirkt gleichermassen auf K\u00f6rper und Geist, ist entspannend, ausgleichend, st\u00e4rkt das Nervensystem, f\u00f6rdert gesunden Schlaf und lindert Spannungszust\u00e4nde. Sie beruhigt, harmonisiert, ist verj\u00fcngend, pflegend und reinigend.<br \/>\n\u2014<\/p>\n<h5 style=\"text-align: left;\">75 Min Behandlung \/ 100 CHF<\/h5>\n<p>[\/vc_column_text][vc_separator type=&#8220;transparent&#8220; up=&#8220;20&#8243; down=&#8220;20&#8243; thickness=&#8220;0&#8243;]<a  itemprop=\"url\" href=\"https:\/\/ayurveda-naturheilpraxis.ch\/index.php\/kontakt\/\" target=\"_self\"  class=\"qbutton  medium center default\" style=\"border-radius: 0px;-moz-border-radius: 0px;-webkit-border-radius: 0px; \">TERMIN BUCHEN<\/a>[\/vc_column][\/vc_row][vc_row css_animation=&#8220;&#8220; row_type=&#8220;row&#8220; use_row_as_full_screen_section=&#8220;no&#8220; type=&#8220;full_width&#8220; angled_section=&#8220;no&#8220; text_align=&#8220;left&#8220; background_image_as_pattern=&#8220;without_pattern&#8220; z_index=&#8220;&#8220; css=&#8220;.vc_custom_1679132114351{padding-top: 50px !important;padding-right: 15% !important;background-color: #f7ddd4 !important;}&#8220; side_padding=&#8220;15&#8243;][vc_column css=&#8220;.vc_custom_1679131935967{padding-bottom: 50px !important;}&#8220;][vc_column_text]<\/p>\n<h1 style=\"text-align: left;\">Pristabhyanga<\/h1>\n<h4 style=\"text-align: left;\">R\u00fcckenmassage<\/h4>\n<p>[\/vc_column_text][vc_separator type=&#8220;transparent&#8220; up=&#8220;10&#8243; down=&#8220;10&#8243; thickness=&#8220;0&#8243;][vc_column_text]<\/p>\n<p style=\"text-align: left;\">Die ayurvedische R\u00fcckenmassage Pristabhyanga hilft, stressbedingte Verspannungen und Blockaden zu l\u00f6sen und neuen Verspannungen vorzubeugen. Sie entspannt den R\u00fccken und l\u00f6st die Muskulatur. Die Wirbels\u00e4ule wird beweglicher und die K\u00f6rperhaltung optimiert. Dadurch wird die Bandscheibenregeneration gef\u00f6rdert und Schmerzen werden gelindert.<br \/>\n\u2013<\/p>\n<h5 style=\"text-align: left;\">60 Min Behandlung \/ 90 CHF<\/h5>\n<p>[\/vc_column_text][vc_separator type=&#8220;transparent&#8220; up=&#8220;10&#8243; down=&#8220;10&#8243; thickness=&#8220;0&#8243;]<a  itemprop=\"url\" href=\"https:\/\/ayurveda-naturheilpraxis.ch\/index.php\/kontakt\/\" target=\"_self\"  class=\"qbutton  medium center default\" style=\"border-radius: 0px;-moz-border-radius: 0px;-webkit-border-radius: 0px; \">TERMIN BUCHEN<\/a>[\/vc_column][\/vc_row][vc_row css_animation=&#8220;&#8220; row_type=&#8220;row&#8220; use_row_as_full_screen_section=&#8220;no&#8220; type=&#8220;full_width&#8220; angled_section=&#8220;no&#8220; text_align=&#8220;left&#8220; background_image_as_pattern=&#8220;without_pattern&#8220; z_index=&#8220;&#8220; css=&#8220;.vc_custom_1679132139762{padding-top: 50px !important;padding-right: 15% !important;background-color: #f7ddd4 !important;}&#8220; side_padding=&#8220;15&#8243;][vc_column css=&#8220;.vc_custom_1679131944609{padding-bottom: 50px !important;}&#8220;][vc_column_text]<\/p>\n<h1 style=\"text-align: left;\">Garshana<\/h1>\n<h4 style=\"text-align: left;\">Trockenmassage mit Seidenhandschuh<\/h4>\n<p>[\/vc_column_text][vc_separator type=&#8220;transparent&#8220; up=&#8220;10&#8243; down=&#8220;10&#8243; thickness=&#8220;0&#8243;][vc_column_text]<\/p>\n<p style=\"text-align: left;\">Diese Massage ist gleichzeitig anregend und ausgleichend. Sie regt den Stoffwechsel und den Lymphfluss an. Sie ist entschlackend und st\u00e4rkt das Bindegewebe. Sie ist vitalisierend, bildet Gl\u00fcckshormone und beschwingt.<br \/>\n\u2013<\/p>\n<h5 style=\"text-align: left;\">45 Min Behandlung \/70 CHF<\/h5>\n<p>[\/vc_column_text][vc_separator type=&#8220;transparent&#8220; up=&#8220;10&#8243; down=&#8220;10&#8243; thickness=&#8220;0&#8243;]<a  itemprop=\"url\" href=\"https:\/\/ayurveda-naturheilpraxis.ch\/index.php\/kontakt\/\" target=\"_self\"  class=\"qbutton  medium center default\" style=\"border-radius: 0px;-moz-border-radius: 0px;-webkit-border-radius: 0px; \">TERMIN BUCHEN<\/a>[\/vc_column][\/vc_row][vc_row css_animation=&#8220;&#8220; row_type=&#8220;row&#8220; use_row_as_full_screen_section=&#8220;no&#8220; type=&#8220;full_width&#8220; angled_section=&#8220;no&#8220; text_align=&#8220;left&#8220; background_image_as_pattern=&#8220;without_pattern&#8220; z_index=&#8220;&#8220; css=&#8220;.vc_custom_1679132173694{padding-top: 50px !important;padding-right: 15% !important;background-color: #f7ddd4 !important;}&#8220; side_padding=&#8220;15&#8243;][vc_column css=&#8220;.vc_custom_1679131952653{padding-bottom: 50px !important;}&#8220;][vc_column_text]<\/p>\n<h1 style=\"text-align: left;\">Kalari<\/h1>\n<h4 style=\"text-align: left;\">dynamische Ganzk\u00f6rper-\u00d6lmassage<\/h4>\n<p>[\/vc_column_text][vc_separator type=&#8220;transparent&#8220; up=&#8220;10&#8243; down=&#8220;10&#8243; thickness=&#8220;0&#8243;][vc_column_text]<\/p>\n<p style=\"text-align: left;\">Die Kalari ist eine dynamische Ganzk\u00f6rper-\u00d6lmassage aus S\u00fcdindien. Mit langen Ausstreichungen und Dehnungen werden Blockaden gel\u00f6st und mit druckfesten Streichungen das tiefe Gewebe stimuliert. Durch die Stimulierung der Nadis (Energiebahnen) werden die Marmas (Vitalpunkte) miteinander verbunden, sodass die Lebensenergie frei fliessen kann. Diese Behandlung befreit von Verspannungen, vitalisiert und regt den Lymphfluss an.<br \/>\n\u2013<\/p>\n<h5 style=\"text-align: left;\">60 Min Behandlung \/ 90 CHF<\/h5>\n<p>[\/vc_column_text][vc_separator type=&#8220;transparent&#8220; up=&#8220;10&#8243; down=&#8220;10&#8243; thickness=&#8220;0&#8243;]<a  itemprop=\"url\" href=\"https:\/\/ayurveda-naturheilpraxis.ch\/index.php\/kontakt\/\" target=\"_self\"  class=\"qbutton  medium center default\" style=\"border-radius: 0px;-moz-border-radius: 0px;-webkit-border-radius: 0px; \">TERMIN BUCHEN<\/a>[\/vc_column][\/vc_row][vc_row css_animation=&#8220;&#8220; row_type=&#8220;row&#8220; use_row_as_full_screen_section=&#8220;no&#8220; type=&#8220;full_width&#8220; angled_section=&#8220;no&#8220; text_align=&#8220;left&#8220; background_image_as_pattern=&#8220;without_pattern&#8220; z_index=&#8220;&#8220; css=&#8220;.vc_custom_1679132173694{padding-top: 50px !important;padding-right: 15% !important;background-color: #f7ddd4 !important;}&#8220; side_padding=&#8220;15&#8243;][vc_column css=&#8220;.vc_custom_1679132389439{padding-bottom: 100px !important;}&#8220;][vc_column_text]<\/p>\n<h1>Massage f\u00fcr Kinder<\/h1>\n<p>[\/vc_column_text][vc_separator type=&#8220;transparent&#8220; up=&#8220;10&#8243; down=&#8220;10&#8243; thickness=&#8220;0&#8243;][vc_column_text]Bei der Massage f\u00fcr Kinder wird individuell auf die Bed\u00fcrfnisse und das Alter des Kindes eingegangen. Sie hilft gegen Nervosit\u00e4t, Stress, Spannungszust\u00e4nden, Verspannungen, Z\u00e4hneknirschen, R\u00fccken-, Kopf- und Wachstumsschmerzen, Schlaf- und\/oder Verdauungsproblemen. Durch die Massage werden die Marmas aktiviert und die Lebensenergie in Fluss gebracht. Je nach dem, was das Kind braucht, kann die Massage beruhigend oder aktivierend sein. Eine regelm\u00e4ssige Massage hilft dem Kind, sich sowohl k\u00f6rperlich als auch geistig gut zu entwickeln.<br \/>\n\u2013<\/p>\n<h5>30 bis 45 Min Behandlung \/ Preis individuell<\/h5>\n<p>[\/vc_column_text][vc_separator type=&#8220;transparent&#8220; up=&#8220;10&#8243; down=&#8220;10&#8243; thickness=&#8220;0&#8243;]<a  itemprop=\"url\" href=\"https:\/\/ayurveda-naturheilpraxis.ch\/index.php\/kontakt\/\" target=\"_self\"  class=\"qbutton  medium center default\" style=\"border-radius: 0px;-moz-border-radius: 0px;-webkit-border-radius: 0px; \">TERMIN BUCHEN<\/a>[\/vc_column][\/vc_row]<\/p>\n<\/section>","protected":false},"excerpt":{"rendered":"<p>[vc_row css_animation=&#8220;&#8220; row_type=&#8220;row&#8220; use_row_as_full_screen_section=&#8220;no&#8220; type=&#8220;full_width&#8220; angled_section=&#8220;no&#8220; text_align=&#8220;left&#8220; background_image_as_pattern=&#8220;without_pattern&#8220; z_index=&#8220;&#8220; css=&#8220;.vc_custom_1679131880112{padding-right: 15% !important;background-color: #f7ddd4 !important;}&#8220; side_padding=&#8220;15&#8243;][vc_column css=&#8220;.vc_custom_1679131886618{padding-top: 100px !important;padding-bottom: 50px !important;}&#8220;][vc_column_text] Padabhyanga Ayurvedische Fussmassage [\/vc_column_text][vc_separator type=&#8220;transparent&#8220; up=&#8220;10&#8243; down=&#8220;10&#8243; thickness=&#8220;0&#8243;][vc_column_text] Bei der Padabhyanga werden wichtige Marmas (Energiepunkte) stimuliert und somit reflektorisch der gesamte Organismus gest\u00e4rkt und der&#8230;<\/p>\n","protected":false},"author":1,"featured_media":0,"parent":0,"menu_order":0,"comment_status":"closed","ping_status":"closed","template":"full_width.php","meta":{"footnotes":""},"class_list":["post-743","page","type-page","status-publish","hentry"],"_links":{"self":[{"href":"https:\/\/ayurveda-naturheilpraxis.ch\/index.php\/wp-json\/wp\/v2\/pages\/743","targetHints":{"allow":["GET"]}}],"collection":[{"href":"https:\/\/ayurveda-naturheilpraxis.ch\/index.php\/wp-json\/wp\/v2\/pages"}],"about":[{"href":"https:\/\/ayurveda-naturheilpraxis.ch\/index.php\/wp-json\/wp\/v2\/types\/page"}],"author":[{"embeddable":true,"href":"https:\/\/ayurveda-naturheilpraxis.ch\/index.php\/wp-json\/wp\/v2\/users\/1"}],"replies":[{"embeddable":true,"href":"https:\/\/ayurveda-naturheilpraxis.ch\/index.php\/wp-json\/wp\/v2\/comments?post=743"}],"version-history":[{"count":52,"href":"https:\/\/ayurveda-naturheilpraxis.ch\/index.php\/wp-json\/wp\/v2\/pages\/743\/revisions"}],"predecessor-version":[{"id":977,"href":"https:\/\/ayurveda-naturheilpraxis.ch\/index.php\/wp-json\/wp\/v2\/pages\/743\/revisions\/977"}],"wp:attachment":[{"href":"https:\/\/ayurveda-naturheilpraxis.ch\/index.php\/wp-json\/wp\/v2\/media?parent=743"}],"curies":[{"name":"wp","href":"https:\/\/api.w.org\/{rel}","templated":true}]}}