{"id":730,"date":"2023-02-22T12:20:02","date_gmt":"2023-02-22T12:20:02","guid":{"rendered":"https:\/\/ayurveda-naturheilpraxis.ch\/?page_id=730"},"modified":"2023-04-02T16:24:58","modified_gmt":"2023-04-02T16:24:58","slug":"ernaehrung","status":"publish","type":"page","link":"https:\/\/ayurveda-naturheilpraxis.ch\/index.php\/ernaehrung\/","title":{"rendered":"Ernaehrung"},"content":{"rendered":"<section class=\"wpb-content-wrapper\"><p>[vc_row css_animation=&#8220;&#8220; row_type=&#8220;row&#8220; use_row_as_full_screen_section=&#8220;no&#8220; type=&#8220;full_width&#8220; angled_section=&#8220;no&#8220; text_align=&#8220;left&#8220; background_image_as_pattern=&#8220;without_pattern&#8220; z_index=&#8220;&#8220; css=&#8220;.vc_custom_1679131667809{padding-right: 15% !important;background-color: #f7ddd4 !important;}&#8220; side_padding=&#8220;15&#8243;][vc_column css=&#8220;.vc_custom_1679133886548{padding-top: 75px !important;padding-bottom: 75px !important;}&#8220;][vc_column_text]<\/p>\n<h1 style=\"text-align: left;\">Ern\u00e4hrung<\/h1>\n<h4 style=\"text-align: left;\"><\/h4>\n<p>[\/vc_column_text][vc_separator type=&#8220;transparent&#8220; up=&#8220;10&#8243; down=&#8220;10&#8243; thickness=&#8220;0&#8243;][vc_column_text css=&#8220;.vc_custom_1679131714863{padding-bottom: 30px !important;}&#8220;]<\/p>\n<p style=\"text-align: left;\">Ayurveda beinhaltet ein komplettes System f\u00fcr die Ern\u00e4hrung. Es basiert darauf, dass die Speisen individuell auf die Konstitution angepasst zusammengestellt und damit gut vertr\u00e4glich sind.<\/p>\n<p style=\"text-align: left;\">In der Ayurveda-Ern\u00e4hrung vereint sich wirkungsvolle Ern\u00e4hrungstherapie mit kreativer Kochkunst. Sie kann sowohl zur Erhaltung der Gesundheit als auch zu Heilzwecken eingesetzt werden. Frische Lebensmittel werden passend zum Konstitutionstyp, der Verdauungskraft sowie zu den Tages- und Jahreszeiten ausgew\u00e4hlt und so auf den individuellen Stoffwechsel ausgerichtet.<\/p>\n<p>&nbsp;<\/p>\n<p style=\"text-align: left;\">Jedem Lebensmittel, Getr\u00e4nk, Gew\u00fcrz etc. werden bestimmte Eigenschaften zugeschrieben, welche gezielt eingesetzt werden k\u00f6nnen zur Erhaltung unserer Gesundheit oder dem Wiederherstellen unseres Gleichgewichts. Kr\u00e4uter und Gew\u00fcrze verleihen den zubereiteten Speisen Vielfalt im Geschmack und wirken positiv auf den menschlichen Organismus ein.<\/p>\n<p>[\/vc_column_text]<a  itemprop=\"url\" href=\"https:\/\/ayurveda-naturheilpraxis.ch\/index.php\/kontakt\/\" target=\"_self\"  class=\"qbutton  medium left default\" style=\"border-radius: 0px;-moz-border-radius: 0px;-webkit-border-radius: 0px; \">TERMIN F\u00dcR ERN\u00c4HRUNGSBERATUNG<\/a>[\/vc_column][\/vc_row]<\/p>\n<\/section>","protected":false},"excerpt":{"rendered":"<p>[vc_row css_animation=&#8220;&#8220; row_type=&#8220;row&#8220; use_row_as_full_screen_section=&#8220;no&#8220; type=&#8220;full_width&#8220; angled_section=&#8220;no&#8220; text_align=&#8220;left&#8220; background_image_as_pattern=&#8220;without_pattern&#8220; z_index=&#8220;&#8220; css=&#8220;.vc_custom_1679131667809{padding-right: 15% !important;background-color: #f7ddd4 !important;}&#8220; side_padding=&#8220;15&#8243;][vc_column css=&#8220;.vc_custom_1679133886548{padding-top: 75px !important;padding-bottom: 75px !important;}&#8220;][vc_column_text] Ern\u00e4hrung [\/vc_column_text][vc_separator type=&#8220;transparent&#8220; up=&#8220;10&#8243; down=&#8220;10&#8243; thickness=&#8220;0&#8243;][vc_column_text css=&#8220;.vc_custom_1679131714863{padding-bottom: 30px !important;}&#8220;] Ayurveda beinhaltet ein komplettes System f\u00fcr die Ern\u00e4hrung. Es basiert darauf, dass die Speisen individuell auf&#8230;<\/p>\n","protected":false},"author":1,"featured_media":0,"parent":0,"menu_order":0,"comment_status":"closed","ping_status":"closed","template":"full_width.php","meta":{"footnotes":""},"class_list":["post-730","page","type-page","status-publish","hentry"],"_links":{"self":[{"href":"https:\/\/ayurveda-naturheilpraxis.ch\/index.php\/wp-json\/wp\/v2\/pages\/730","targetHints":{"allow":["GET"]}}],"collection":[{"href":"https:\/\/ayurveda-naturheilpraxis.ch\/index.php\/wp-json\/wp\/v2\/pages"}],"about":[{"href":"https:\/\/ayurveda-naturheilpraxis.ch\/index.php\/wp-json\/wp\/v2\/types\/page"}],"author":[{"embeddable":true,"href":"https:\/\/ayurveda-naturheilpraxis.ch\/index.php\/wp-json\/wp\/v2\/users\/1"}],"replies":[{"embeddable":true,"href":"https:\/\/ayurveda-naturheilpraxis.ch\/index.php\/wp-json\/wp\/v2\/comments?post=730"}],"version-history":[{"count":32,"href":"https:\/\/ayurveda-naturheilpraxis.ch\/index.php\/wp-json\/wp\/v2\/pages\/730\/revisions"}],"predecessor-version":[{"id":954,"href":"https:\/\/ayurveda-naturheilpraxis.ch\/index.php\/wp-json\/wp\/v2\/pages\/730\/revisions\/954"}],"wp:attachment":[{"href":"https:\/\/ayurveda-naturheilpraxis.ch\/index.php\/wp-json\/wp\/v2\/media?parent=730"}],"curies":[{"name":"wp","href":"https:\/\/api.w.org\/{rel}","templated":true}]}}