{"id":692,"date":"2023-02-22T11:34:10","date_gmt":"2023-02-22T11:34:10","guid":{"rendered":"https:\/\/ayurveda-naturheilpraxis.ch\/?page_id=692"},"modified":"2023-05-03T15:39:22","modified_gmt":"2023-05-03T15:39:22","slug":"home-2","status":"publish","type":"page","link":"https:\/\/ayurveda-naturheilpraxis.ch\/","title":{"rendered":"Ayurveda"},"content":{"rendered":"<section class=\"wpb-content-wrapper\"><p>[vc_row css_animation=&#8220;&#8220; row_type=&#8220;row&#8220; use_row_as_full_screen_section=&#8220;no&#8220; type=&#8220;full_width&#8220; angled_section=&#8220;no&#8220; text_align=&#8220;center&#8220; background_image_as_pattern=&#8220;without_pattern&#8220; z_index=&#8220;&#8220; css=&#8220;.vc_custom_1679341516270{padding-right: 15% !important;background-color: #f7ddd4 !important;}&#8220; side_padding=&#8220;15&#8243;][vc_column css=&#8220;.vc_custom_1679341577972{padding-top: 75px !important;padding-bottom: 75px !important;}&#8220;][vc_column_text]<\/p>\n<h4 style=\"text-align: left;\">&#8222;Sei zu gleichen Teilen nach aussen wie nach innen gerichtet&#8220;<\/h4>\n<p>&nbsp;<\/p>\n<h1 style=\"text-align: left;\">Ayurveda<\/h1>\n<p style=\"text-align: left;\">Der Ayurveda (Sanskrit: Ayus = Leben, Veda = Wissen), das Wissen vom Leben, stammt aus der vedischen Hochkultur Indiens und gilt als das \u00e4lteste Gesundheitssystem der Welt. Die altindische Heilkunde umfasst 8 verschiedene Medizinwege, welche rationale, psychologische und spirituelle Therapiemethoden zur Heilung und Gesunderhaltung einsetzen. Der Ayurveda hat das Ziel, K\u00f6rper, Geist und Seele in Einklang zu bringen und lehrt uns vom langen und gesunden Leben.<\/p>\n<p style=\"text-align: left;\">Das sanfte medizinische Konzept bildet die Voraussetzung, um Krankheiten vorzubeugen und kann mit nat\u00fcrlichen Behandlungsmethoden neue Lebenswege \u00f6ffnen. In der Ayurvedischen Heilkunst bringt man die individuelle Konstitution eines jeden Menschen durch Massagen, Ern\u00e4hrung sowie Gesundheitsberatung ins nat\u00fcrliche Gleichgewicht.<\/p>\n<p>[\/vc_column_text][vc_separator type=&#8220;transparent&#8220; up=&#8220;50&#8243; down=&#8220;50&#8243; thickness=&#8220;0&#8243;][vc_column_text]<\/p>\n<h4 style=\"text-align: left;\">Ziele einer ayurvedischen Behandlung<\/h4>\n<p style=\"text-align: left;\">Ayurvedische Behandlungen zielen darauf ab, das nat\u00fcrliche Gleichgewicht der Doshas wiederherzustellen und auf diese Weise sowohl die Ursache als auch die Symptome der Krankheit zu beseitigen. Sie aktivieren die Selbstheilungskr\u00e4fte des K\u00f6rpers und leiten eine dauerhafte Regeneration ein.<\/p>\n<p>[\/vc_column_text][\/vc_column][\/vc_row]<\/p>\n<\/section>","protected":false},"excerpt":{"rendered":"<p>[vc_row css_animation=&#8220;&#8220; row_type=&#8220;row&#8220; use_row_as_full_screen_section=&#8220;no&#8220; type=&#8220;full_width&#8220; angled_section=&#8220;no&#8220; text_align=&#8220;center&#8220; background_image_as_pattern=&#8220;without_pattern&#8220; z_index=&#8220;&#8220; css=&#8220;.vc_custom_1679341516270{padding-right: 15% !important;background-color: #f7ddd4 !important;}&#8220; side_padding=&#8220;15&#8243;][vc_column css=&#8220;.vc_custom_1679341577972{padding-top: 75px !important;padding-bottom: 75px !important;}&#8220;][vc_column_text] &#8222;Sei zu gleichen Teilen nach aussen wie nach innen gerichtet&#8220; &nbsp; Ayurveda Der Ayurveda (Sanskrit: Ayus = Leben, Veda = Wissen), das Wissen vom Leben,&#8230;<\/p>\n","protected":false},"author":1,"featured_media":0,"parent":0,"menu_order":0,"comment_status":"closed","ping_status":"closed","template":"full_width.php","meta":{"footnotes":""},"class_list":["post-692","page","type-page","status-publish","hentry"],"_links":{"self":[{"href":"https:\/\/ayurveda-naturheilpraxis.ch\/index.php\/wp-json\/wp\/v2\/pages\/692","targetHints":{"allow":["GET"]}}],"collection":[{"href":"https:\/\/ayurveda-naturheilpraxis.ch\/index.php\/wp-json\/wp\/v2\/pages"}],"about":[{"href":"https:\/\/ayurveda-naturheilpraxis.ch\/index.php\/wp-json\/wp\/v2\/types\/page"}],"author":[{"embeddable":true,"href":"https:\/\/ayurveda-naturheilpraxis.ch\/index.php\/wp-json\/wp\/v2\/users\/1"}],"replies":[{"embeddable":true,"href":"https:\/\/ayurveda-naturheilpraxis.ch\/index.php\/wp-json\/wp\/v2\/comments?post=692"}],"version-history":[{"count":33,"href":"https:\/\/ayurveda-naturheilpraxis.ch\/index.php\/wp-json\/wp\/v2\/pages\/692\/revisions"}],"predecessor-version":[{"id":989,"href":"https:\/\/ayurveda-naturheilpraxis.ch\/index.php\/wp-json\/wp\/v2\/pages\/692\/revisions\/989"}],"wp:attachment":[{"href":"https:\/\/ayurveda-naturheilpraxis.ch\/index.php\/wp-json\/wp\/v2\/media?parent=692"}],"curies":[{"name":"wp","href":"https:\/\/api.w.org\/{rel}","templated":true}]}}